{"id":19120,"date":"2021-06-20T11:33:43","date_gmt":"2021-06-20T11:33:43","guid":{"rendered":"https:\/\/perecolom.art\/music-videos\/"},"modified":"2023-03-13T12:59:47","modified_gmt":"2023-03-13T12:59:47","slug":"musica-videos","status":"publish","type":"page","link":"https:\/\/perecolom.art\/ca\/musica-videos\/","title":{"rendered":"M\u00fasica"},"content":{"rendered":"<div class=\"wpb-content-wrapper\"><p>[vc_row][vc_column][vc_column_text]<\/p>\n<p style=\"text-align: center;\">RECOVERED POSTERS<\/p>\n<p>[\/vc_column_text][\/vc_column][vc_column][\/vc_column][\/vc_row][vc_row disable_element=&#8221;yes&#8221;][vc_column]<div class=\"edgt-section-title-holder  edgt-st-standard edgt-st-title-left edgt-st-normal-space \" style=\"text-align: center\">\n\t<div class=\"edgt-st-inner\">\n\t\t\t\t\t<h1 class=\"edgt-st-title\" >\n\t\t\t\tMusic Videos\t\t\t<\/h1>\n\t\t\t\t\t<\/div>\n<\/div>[\/vc_column][\/vc_row][vc_row][vc_column width=&#8221;1\/3&#8243;][vc_empty_space][\/vc_column][vc_column width=&#8221;1\/3&#8243;][\/vc_column][vc_column width=&#8221;1\/3&#8243;][\/vc_column][\/vc_row][vc_row][vc_column width=&#8221;1\/3&#8243;][vc_video link=&#8221;https:\/\/youtu.be\/YUF8WKk7H98&#8243; title=&#8221;Kevin Ayers&#8221;][\/vc_column][vc_column width=&#8221;1\/3&#8243;][vc_video link=&#8221;https:\/\/youtu.be\/eiFZfAjnFLg&#8221; title=&#8221;Sex Beatles&#8221;][\/vc_column][vc_column width=&#8221;1\/3&#8243;][vc_video link=&#8221;https:\/\/youtu.be\/bYEMfrUVR5o&#8221; title=&#8221;Los Lost&#8221;][\/vc_column][\/vc_row][vc_row][vc_column width=&#8221;1\/3&#8243;][vc_empty_space height=&#8221;20px&#8221;][\/vc_column][vc_column width=&#8221;1\/3&#8243;][\/vc_column][vc_column width=&#8221;1\/3&#8243;][\/vc_column][\/vc_row][vc_row][vc_column width=&#8221;1\/3&#8243;][vc_video link=&#8221;https:\/\/youtu.be\/Jxjl8JqDpZY&#8221; align=&#8221;center&#8221;][\/vc_column][vc_column width=&#8221;1\/3&#8243;][vc_video link=&#8221;https:\/\/youtu.be\/2xA2oVaXenA&#8221;][\/vc_column][vc_column width=&#8221;1\/3&#8243;][vc_video link=&#8221;https:\/\/youtu.be\/lFiktUL9gdA&#8221;][\/vc_column][\/vc_row][vc_row][vc_column][vc_empty_space height=&#8221;20px&#8221;][\/vc_column][\/vc_row][vc_row][vc_column width=&#8221;1\/3&#8243;][vc_video link=&#8221;https:\/\/youtu.be\/MRNsX4olRWg&#8221; align=&#8221;center&#8221;][\/vc_column][vc_column width=&#8221;1\/3&#8243;][vc_video link=&#8221;https:\/\/youtu.be\/_Wl41W_hb5Y&#8221;][\/vc_column][vc_column width=&#8221;1\/3&#8243;][vc_video link=&#8221;https:\/\/youtu.be\/kD5iskO3B_s&#8221;][\/vc_column][\/vc_row][vc_row][vc_column][vc_empty_space][\/vc_column][\/vc_row][vc_row][vc_column width=&#8221;1\/3&#8243;][vc_column_text]KEVIN AYERS BAND with Ollie Halsall, Zanna Gregmar, Miquel Figuerola and Pere Colom.<\/p>\n<p>Musical Express. Spanish TV live show with special guests Andy Summers (Police) and John Cale (Velvet Underground).<\/p>\n<p><a href=\"https:\/\/www.youtube.com\/results?search_query=pere+colom+kevin+ayers\">VER M\u00c1S<\/a><\/p>\n<p><a href=\"https:\/\/perecolom.art\/kevin-ayers-live-in-venlo\/\">Live concert tapes, Venlo (Holland), Benelux tour 1982.<\/a>[\/vc_column_text][\/vc_column][vc_column width=&#8221;1\/3&#8243;][vc_column_text]Banda originalment anomenada <strong>OFFBEATS<\/strong>, formada per <strong>Hamish McDonald, Jeremy C. Hart, Jordi Ramone, Lisa Bevis i Pere Colom<\/strong>. M\u00e9s tard en gravar el seu primer senzill <strong>&#8220;Well your never&#8221; (Charly Records, Londres, 1980)<\/strong> va canviar a <strong>SEX BEATLES<\/strong> (un homenatge a Sex Pistols i The Beatles). Sempre amb el gran <strong>Ian Carpenter &#8220;Buda&#8221;<\/strong> dirigint l&#8217;espectacle. Aqu\u00ed 2 v\u00eddeos gravats al Festival Selva Rock amb la participaci\u00f3 del gran <strong>Ollie Halsall<\/strong> i<strong> Zanna Gregmar<\/strong> i el single in\u00e8dit <strong>&#8220;Al suelo co\u00f1o&#8221;<\/strong>.<\/p>\n<p><a href=\"https:\/\/www.youtube.com\/results?search_query=pere+colom+sex+beatles\">VIEW MORE<\/a>[\/vc_column_text][\/vc_column][vc_column width=&#8221;1\/3&#8243;][vc_column_text]<\/p>\n<p class=\"p1\"><span class=\"s1\">LOS LOST- Band without a single rehearsal whose basis was always live improvisation. Originally formed by Steve Palmer, Pere Colom, Toni Cuenca and Molly Duncan and those who will enjoy. Jaume Gelabert, Victor Uris and a stranger who ate the stage takes part in this video. Sound of the microphone of the video camera located at the back of the room. Location Blues Ville, 1996.<br \/>\n<\/span><\/p>\n<p>[\/vc_column_text][\/vc_column][\/vc_row]<\/p>\n<\/div>","protected":false},"excerpt":{"rendered":"<p>[vc_row][vc_column][vc_column_text] RECOVERED POSTERS [\/vc_column_text][\/vc_column][vc_column][\/vc_column][\/vc_row][vc_row disable_element=&#8221;yes&#8221;][vc_column][\/vc_column][\/vc_row][vc_row][vc_column width=&#8221;1\/3&#8243;][vc_empty_space][\/vc_column][vc_column width=&#8221;1\/3&#8243;][\/vc_column][vc_column width=&#8221;1\/3&#8243;][\/vc_column][\/vc_row][vc_row][vc_column width=&#8221;1\/3&#8243;][vc_video link=&#8221;https:\/\/youtu.be\/YUF8WKk7H98&#8243; title=&#8221;Kevin Ayers&#8221;][\/vc_column][vc_column width=&#8221;1\/3&#8243;][vc_video link=&#8221;https:\/\/youtu.be\/eiFZfAjnFLg&#8221; title=&#8221;Sex Beatles&#8221;][\/vc_column][vc_column width=&#8221;1\/3&#8243;][vc_video link=&#8221;https:\/\/youtu.be\/bYEMfrUVR5o&#8221; title=&#8221;Los Lost&#8221;][\/vc_column][\/vc_row][vc_row][vc_column width=&#8221;1\/3&#8243;][vc_empty_space height=&#8221;20px&#8221;][\/vc_column][vc_column width=&#8221;1\/3&#8243;][\/vc_column][vc_column width=&#8221;1\/3&#8243;][\/vc_column][\/vc_row][vc_row][vc_column width=&#8221;1\/3&#8243;][vc_video link=&#8221;https:\/\/youtu.be\/Jxjl8JqDpZY&#8221; align=&#8221;center&#8221;][\/vc_column][vc_column width=&#8221;1\/3&#8243;][vc_video link=&#8221;https:\/\/youtu.be\/2xA2oVaXenA&#8221;][\/vc_column][vc_column width=&#8221;1\/3&#8243;][vc_video link=&#8221;https:\/\/youtu.be\/lFiktUL9gdA&#8221;][\/vc_column][\/vc_row][vc_row][vc_column][vc_empty_space height=&#8221;20px&#8221;][\/vc_column][\/vc_row][vc_row][vc_column width=&#8221;1\/3&#8243;][vc_video link=&#8221;https:\/\/youtu.be\/MRNsX4olRWg&#8221; align=&#8221;center&#8221;][\/vc_column][vc_column width=&#8221;1\/3&#8243;][vc_video link=&#8221;https:\/\/youtu.be\/_Wl41W_hb5Y&#8221;][\/vc_column][vc_column width=&#8221;1\/3&#8243;][vc_video link=&#8221;https:\/\/youtu.be\/kD5iskO3B_s&#8221;][\/vc_column][\/vc_row][vc_row][vc_column][vc_empty_space][\/vc_column][\/vc_row][vc_row][vc_column width=&#8221;1\/3&#8243;][vc_column_text]KEVIN [&hellip;]<\/p>\n","protected":false},"author":1,"featured_media":0,"parent":0,"menu_order":0,"comment_status":"closed","ping_status":"closed","template":"","meta":{"footnotes":""},"class_list":["post-19120","page","type-page","status-publish","hentry"],"aioseo_notices":[],"_links":{"self":[{"href":"https:\/\/perecolom.art\/ca\/wp-json\/wp\/v2\/pages\/19120","targetHints":{"allow":["GET"]}}],"collection":[{"href":"https:\/\/perecolom.art\/ca\/wp-json\/wp\/v2\/pages"}],"about":[{"href":"https:\/\/perecolom.art\/ca\/wp-json\/wp\/v2\/types\/page"}],"author":[{"embeddable":true,"href":"https:\/\/perecolom.art\/ca\/wp-json\/wp\/v2\/users\/1"}],"replies":[{"embeddable":true,"href":"https:\/\/perecolom.art\/ca\/wp-json\/wp\/v2\/comments?post=19120"}],"version-history":[{"count":1,"href":"https:\/\/perecolom.art\/ca\/wp-json\/wp\/v2\/pages\/19120\/revisions"}],"predecessor-version":[{"id":20045,"href":"https:\/\/perecolom.art\/ca\/wp-json\/wp\/v2\/pages\/19120\/revisions\/20045"}],"wp:attachment":[{"href":"https:\/\/perecolom.art\/ca\/wp-json\/wp\/v2\/media?parent=19120"}],"curies":[{"name":"wp","href":"https:\/\/api.w.org\/{rel}","templated":true}]}}