{"id":19382,"date":"2021-03-02T13:07:47","date_gmt":"2021-03-02T13:07:47","guid":{"rendered":"https:\/\/perecolom.art\/qui-soc\/"},"modified":"2022-08-25T17:19:13","modified_gmt":"2022-08-25T17:19:13","slug":"qui-soc","status":"publish","type":"page","link":"https:\/\/perecolom.art\/ca\/qui-soc\/","title":{"rendered":"Qui soc"},"content":{"rendered":"<div class=\"wpb-content-wrapper\"><p>[vc_row full_width=&#8221;stretch_row_content&#8221; full_height=&#8221;yes&#8221; equal_height=&#8221;yes&#8221; css_animation=&#8221;zoomIn&#8221; content_text_aligment=&#8221;center&#8221; css=&#8221;.vc_custom_1623056231090{background-image: url(https:\/\/perecolom.art\/wp-content\/uploads\/2021\/03\/about-me-1.jpg?id=13932) !important;background-position: center !important;background-repeat: no-repeat !important;background-size: cover !important;}&#8221;][vc_column][vc_row_inner row_content_width=&#8221;grid&#8221; content_text_aligment=&#8221;left&#8221;][vc_column_inner offset=&#8221;vc_col-lg-offset-2 vc_col-lg-8&#8243;]<div class=\"edgt-elements-holder   edgt-one-column  edgt-responsive-mode-768 edgt-one-column-alignment-left\" ><div class=\"edgt-eh-item  edgt-vertical-alignment-top edgt-horizontal-alignment-center \"  data-item-class=\"edgt-eh-custom-8996\" data-1280-1600=\"16% 1% 16% 1%\" data-1024-1280=\"12% 0% 9% 0%\" data-768-1024=\"13% 1% 13% 1%\" data-680-768=\"21% 1% 21% 1%\" data-680=\"15% 1% 15% 1%\">\n\t<div class=\"edgt-eh-item-inner\">\n\t\t<div class=\"edgt-eh-item-content edgt-eh-custom-8996\" style=\"padding: 29% 4% 21.5% 4%\">\n\t\t\t[vc_column_text]<\/p>\n<h6 style=\"text-align: center;\"><span style=\"color: #ffffff;\">qui soc<\/span><\/h6>\n<p>[\/vc_column_text][vc_empty_space height=&#8221;10px&#8221;][vc_column_text]<\/p>\n<h2 style=\"text-align: center;\"><span style=\"color: #ffffff;\">Pere Colom<br \/>\n<\/span><\/h2>\n<p>[\/vc_column_text][vc_empty_space][vc_column_text]<\/p>\n<h5><strong><span style=\"color: #ccffff;\">Des de la meva adolesc\u00e8ncia, em vaig dedicar a la m\u00fasica, tocant primer en discoteques per a turistes i despr\u00e9s amb un grup de rock brit\u00e0nic Offbeats ( depr\u00e9s SexBeatles).<\/span> <\/strong><br \/>\n<strong><span style=\"color: #ccffff;\">L&#8217;any 1979 Kevin Ayers em va encarregar formar una banda amb la qual col\u00b7laboraria durant 3 anys fent gires per Espanya i Europa i gravant alguns programes de televisi\u00f3.<\/span><\/strong ><\/h5>\n<h5><strong><span style=\"color: #ccffff;\">L&#8217;any 1985, quan la revista de fotografia m\u00e9s important &#8220;PHOTO&#8221; va dedicar una portada i 8 p\u00e0gines interiors dels meus nus, vaig decidir prendre&#8217;m la fotografia seriosament i crear el meu estudi propi. Vaig treballar en moda, publicitat i disseny d&#8217;interiors\u00a0 i vaig col\u00b7laborar amb revistes importants com Vogue, Elle, Donna, House&#038;Garden.<\/span><\/strong><\/h5>\n<h5><strong><span style=\"color: #ccffff;\">L&#8217;any 1990, vaig ser seleccionat per Kodak juntament amb 11 fot\u00f2grafs per exposar el meu treball durant 6 mesos a l&#8217;Epcot Center (Florida, EUA) per commemorar el 150\u00e8 aniversari. del naixement de la fotografia.<\/span><\/strong><\/h5>\n<h5><strong><span style=\"color: #ccffff;\">A principis de la d\u00e8cada de 1990, vaig comen\u00e7ar a exposar la meva obra d&#8217;art a galeries d&#8217;art, centres d&#8217;art i museus.<\/span><\/strong><\/h5>\n<h5><strong><span style=\"color: #ccffff;\">L&#8217;any 2000, per motius no art\u00edstics, vaig decidir centrar-me nom\u00e9s en enc\u00e0rrecs comercials. L&#8217;any 2017 vaig invertir el cam\u00ed i vaig comen\u00e7ar a recuperar projectes personals aparcats des de fa temps.<\/span><\/strong><\/h5>\n<p>[\/vc_column_text][vc_empty_space height=&#8221;80px&#8221;][vc_single_image image=&#8221;18293&#8243; img_size=&#8221;full&#8221; alignment=&#8221;right&#8221;]\t\t<\/div>\n\t<\/div>\n<\/div><\/div>[\/vc_column_inner][\/vc_row_inner][vc_row_inner content_placement=&#8221;middle&#8221; content_text_aligment=&#8221;center&#8221; css=&#8221;.vc_custom_1494236665816{padding-top: 62px !important;padding-bottom: 62px !important;}&#8221; simple_background_color=&#8221;#000000&#8243;][vc_column_inner][vc_column_text]<\/p>\n<h6><span style=\"color: #707070;\">copyright \u00a9Pere Colom 2020<br \/>\n<\/span><\/h6>\n<p>[\/vc_column_text][\/vc_column_inner][\/vc_row_inner][\/vc_column][\/vc_row]<\/p>\n<\/div>","protected":false},"excerpt":{"rendered":"<p>[vc_row full_width=&#8221;stretch_row_content&#8221; full_height=&#8221;yes&#8221; equal_height=&#8221;yes&#8221; css_animation=&#8221;zoomIn&#8221; content_text_aligment=&#8221;center&#8221; css=&#8221;.vc_custom_1623056231090{background-image: url(https:\/\/perecolom.art\/wp-content\/uploads\/2021\/03\/about-me-1.jpg?id=13932) !important;background-position: center !important;background-repeat: no-repeat !important;background-size: cover !important;}&#8221;][vc_column][vc_row_inner row_content_width=&#8221;grid&#8221; content_text_aligment=&#8221;left&#8221;][vc_column_inner offset=&#8221;vc_col-lg-offset-2 vc_col-lg-8&#8243;][\/vc_column_inner][\/vc_row_inner][vc_row_inner content_placement=&#8221;middle&#8221; content_text_aligment=&#8221;center&#8221; css=&#8221;.vc_custom_1494236665816{padding-top: 62px !important;padding-bottom: 62px !important;}&#8221; simple_background_color=&#8221;#000000&#8243;][vc_column_inner][vc_column_text] copyright \u00a9Pere Colom 2020 [\/vc_column_text][\/vc_column_inner][\/vc_row_inner][\/vc_column][\/vc_row]<\/p>\n","protected":false},"author":1,"featured_media":0,"parent":0,"menu_order":0,"comment_status":"closed","ping_status":"closed","template":"full-width.php","meta":{"footnotes":""},"class_list":["post-19382","page","type-page","status-publish","hentry"],"aioseo_notices":[],"_links":{"self":[{"href":"https:\/\/perecolom.art\/ca\/wp-json\/wp\/v2\/pages\/19382","targetHints":{"allow":["GET"]}}],"collection":[{"href":"https:\/\/perecolom.art\/ca\/wp-json\/wp\/v2\/pages"}],"about":[{"href":"https:\/\/perecolom.art\/ca\/wp-json\/wp\/v2\/types\/page"}],"author":[{"embeddable":true,"href":"https:\/\/perecolom.art\/ca\/wp-json\/wp\/v2\/users\/1"}],"replies":[{"embeddable":true,"href":"https:\/\/perecolom.art\/ca\/wp-json\/wp\/v2\/comments?post=19382"}],"version-history":[{"count":0,"href":"https:\/\/perecolom.art\/ca\/wp-json\/wp\/v2\/pages\/19382\/revisions"}],"wp:attachment":[{"href":"https:\/\/perecolom.art\/ca\/wp-json\/wp\/v2\/media?parent=19382"}],"curies":[{"name":"wp","href":"https:\/\/api.w.org\/{rel}","templated":true}]}}