{"id":19795,"date":"2021-04-23T18:31:00","date_gmt":"2021-04-23T18:31:00","guid":{"rendered":"https:\/\/perecolom.art\/shop\/Sense categoria\/gabrielle-destrees-i-la-seva-germana-2-0\/"},"modified":"2021-04-23T18:31:00","modified_gmt":"2021-04-23T18:31:00","slug":"gabrielle-destrees-i-la-seva-germana-2-0","status":"publish","type":"product","link":"https:\/\/perecolom.art\/ca\/shop\/series-limitades\/neo-classics-2-0-ca\/gabrielle-destrees-i-la-seva-germana-2-0\/","title":{"rendered":"Gabrielle d&#8217;Estrees i la seva germana 2.0"},"content":{"rendered":"<p><b>Limited Editions Prints\u00a0<\/b><\/p>\n<p><b>New Classics 2.0 series<br \/>\n<\/b>Edition: <strong>7\/7<\/strong><br \/>\nSize: <strong>100 x 136 cm.\u00a0<\/strong><\/p>\n<p>Original art work:<br \/>\nPortrait pr\u00e9sum\u00e9 de Gabrielle d&#8217;Estr\u00e9es et de sa s\u009cur la duchesse de Villars. Unknown artist. Circa 1594.<br \/>\nLe Louvre. Paris<\/p>\n<p><em>*Similar to the original frame exhibited in the museum<\/em><\/p>\n","protected":false},"excerpt":{"rendered":"<p><b>Limited Editions Prints<\/b><br \/>\nEdition:\u00a0<strong>7\/7\u00a0<\/strong><br \/>\nSize:\u00a0<strong>100 x 136 cm\u00a0<\/strong><\/p>\n","protected":false},"featured_media":18317,"template":"","meta":[],"product_brand":[],"product_cat":[218,215],"product_tag":[296],"class_list":{"0":"post-19795","1":"product","2":"type-product","3":"status-publish","4":"has-post-thumbnail","6":"product_cat-neo-classics-2-0-ca","7":"product_cat-series-limitades","8":"product_tag-series-limitades","10":"first","11":"instock","12":"shipping-taxable","13":"purchasable","14":"product-type-variable"},"aioseo_notices":[],"_links":{"self":[{"href":"https:\/\/perecolom.art\/ca\/wp-json\/wp\/v2\/product\/19795","targetHints":{"allow":["GET"]}}],"collection":[{"href":"https:\/\/perecolom.art\/ca\/wp-json\/wp\/v2\/product"}],"about":[{"href":"https:\/\/perecolom.art\/ca\/wp-json\/wp\/v2\/types\/product"}],"wp:featuredmedia":[{"embeddable":true,"href":"https:\/\/perecolom.art\/ca\/wp-json\/wp\/v2\/media\/18317"}],"wp:attachment":[{"href":"https:\/\/perecolom.art\/ca\/wp-json\/wp\/v2\/media?parent=19795"}],"wp:term":[{"taxonomy":"product_brand","embeddable":true,"href":"https:\/\/perecolom.art\/ca\/wp-json\/wp\/v2\/product_brand?post=19795"},{"taxonomy":"product_cat","embeddable":true,"href":"https:\/\/perecolom.art\/ca\/wp-json\/wp\/v2\/product_cat?post=19795"},{"taxonomy":"product_tag","embeddable":true,"href":"https:\/\/perecolom.art\/ca\/wp-json\/wp\/v2\/product_tag?post=19795"}],"curies":[{"name":"wp","href":"https:\/\/api.w.org\/{rel}","templated":true}]}}