{"id":19807,"date":"2021-04-23T18:31:20","date_gmt":"2021-04-23T18:31:20","guid":{"rendered":"https:\/\/perecolom.art\/shop\/Sense categoria\/esglesia-deia\/"},"modified":"2021-04-23T18:31:20","modified_gmt":"2021-04-23T18:31:20","slug":"esglesia-deia","status":"publish","type":"product","link":"https:\/\/perecolom.art\/ca\/shop\/series-limitades\/el-silenci-del-temps-ca\/esglesia-deia\/","title":{"rendered":"Esgl\u00e9sia de Dei\u00e0"},"content":{"rendered":"<p><b>Edici\u00f3 limitada<\/b><br \/>\ndel original polaroid transfer publicat al llibre\u00a0<strong>&#8220;El silenci del temps&#8221;<\/strong><\/p>\n<p>Paper:<strong>\u00a0Hahnem\u00fchle William Turner 310g<\/strong><br \/>\nMides:<strong> 25&#215;30 cm (imatge 20x25cm)<\/strong><br \/>\nEdici\u00f3:<strong> 125 \/125<\/strong><\/p>\n<p>Certificate of Authenticity included<\/p>\n<p><strong><em><br \/>\n<\/em><\/strong>Year work was made: <em><b>1996<\/b><\/em><br \/>\nYear of the print: <em><b>2018<\/b><\/em><\/p>\n<p><em>Certificate of Authenticity included<\/em><\/p>\n","protected":false},"excerpt":{"rendered":"<p><b>Seria limitada<\/b><\/p>\n<p>Paper:<strong>\u00a0Hahnem\u00fchle William Turner 310g<\/strong><br \/>\nMides:<strong> 25&#215;30 cm (imatge 20x25cm)<\/strong><br \/>\nEdici\u00f3:<strong> 125 \/125<\/strong><\/p>\n","protected":false},"featured_media":18341,"template":"","meta":[],"product_brand":[],"product_cat":[221],"product_tag":[298,300,296,245],"class_list":{"0":"post-19807","1":"product","2":"type-product","3":"status-publish","4":"has-post-thumbnail","6":"product_cat-el-silenci-del-temps-ca","7":"product_tag-mallorca-ca","8":"product_tag-mallorca-ca-2","9":"product_tag-series-limitades","10":"product_tag-polaroid-transfer-ca","12":"first","13":"instock","14":"shipping-taxable","15":"purchasable","16":"product-type-simple"},"aioseo_notices":[],"_links":{"self":[{"href":"https:\/\/perecolom.art\/ca\/wp-json\/wp\/v2\/product\/19807","targetHints":{"allow":["GET"]}}],"collection":[{"href":"https:\/\/perecolom.art\/ca\/wp-json\/wp\/v2\/product"}],"about":[{"href":"https:\/\/perecolom.art\/ca\/wp-json\/wp\/v2\/types\/product"}],"wp:featuredmedia":[{"embeddable":true,"href":"https:\/\/perecolom.art\/ca\/wp-json\/wp\/v2\/media\/18341"}],"wp:attachment":[{"href":"https:\/\/perecolom.art\/ca\/wp-json\/wp\/v2\/media?parent=19807"}],"wp:term":[{"taxonomy":"product_brand","embeddable":true,"href":"https:\/\/perecolom.art\/ca\/wp-json\/wp\/v2\/product_brand?post=19807"},{"taxonomy":"product_cat","embeddable":true,"href":"https:\/\/perecolom.art\/ca\/wp-json\/wp\/v2\/product_cat?post=19807"},{"taxonomy":"product_tag","embeddable":true,"href":"https:\/\/perecolom.art\/ca\/wp-json\/wp\/v2\/product_tag?post=19807"}],"curies":[{"name":"wp","href":"https:\/\/api.w.org\/{rel}","templated":true}]}}