{"id":19118,"date":"2021-06-20T11:33:43","date_gmt":"2021-06-20T11:33:43","guid":{"rendered":"https:\/\/perecolom.art\/?page_id=19118"},"modified":"2023-03-13T13:02:40","modified_gmt":"2023-03-13T13:02:40","slug":"music-videos","status":"publish","type":"page","link":"https:\/\/perecolom.art\/es\/music-videos\/","title":{"rendered":"M\u00fasica"},"content":{"rendered":"<div class=\"wpb-content-wrapper\"><p>[vc_row][vc_column][vc_column_text]<\/p>\n<p style=\"text-align: center;\">RECOVERED POSTERS<\/p>\n<p>[\/vc_column_text][\/vc_column][vc_column][\/vc_column][\/vc_row][vc_row disable_element=&#8221;yes&#8221;][vc_column]<div class=\"edgt-section-title-holder  edgt-st-standard edgt-st-title-left edgt-st-normal-space \" style=\"text-align: center\">\n\t<div class=\"edgt-st-inner\">\n\t\t\t\t\t<h1 class=\"edgt-st-title\" >\n\t\t\t\tMusic Videos\t\t\t<\/h1>\n\t\t\t\t\t<\/div>\n<\/div>[\/vc_column][\/vc_row][vc_row][vc_column width=&#8221;1\/3&#8243;][vc_empty_space][\/vc_column][vc_column width=&#8221;1\/3&#8243;][\/vc_column][vc_column width=&#8221;1\/3&#8243;][\/vc_column][\/vc_row][vc_row][vc_column width=&#8221;1\/3&#8243;][vc_video link=&#8221;https:\/\/youtu.be\/YUF8WKk7H98&#8243; title=&#8221;Kevin Ayers&#8221;][\/vc_column][vc_column width=&#8221;1\/3&#8243;][vc_video link=&#8221;https:\/\/youtu.be\/eiFZfAjnFLg&#8221; title=&#8221;Sex Beatles&#8221;][\/vc_column][vc_column width=&#8221;1\/3&#8243;][vc_video link=&#8221;https:\/\/youtu.be\/bYEMfrUVR5o&#8221; title=&#8221;Los Lost&#8221;][\/vc_column][\/vc_row][vc_row][vc_column width=&#8221;1\/3&#8243;][vc_empty_space height=&#8221;20px&#8221;][\/vc_column][vc_column width=&#8221;1\/3&#8243;][\/vc_column][vc_column width=&#8221;1\/3&#8243;][\/vc_column][\/vc_row][vc_row][vc_column width=&#8221;1\/3&#8243;][vc_video link=&#8221;https:\/\/youtu.be\/Jxjl8JqDpZY&#8221; align=&#8221;center&#8221;][\/vc_column][vc_column width=&#8221;1\/3&#8243;][vc_video link=&#8221;https:\/\/youtu.be\/2xA2oVaXenA&#8221;][\/vc_column][vc_column width=&#8221;1\/3&#8243;][vc_video link=&#8221;https:\/\/youtu.be\/lFiktUL9gdA&#8221;][\/vc_column][\/vc_row][vc_row][vc_column][vc_empty_space height=&#8221;20px&#8221;][\/vc_column][\/vc_row][vc_row][vc_column width=&#8221;1\/3&#8243;][vc_video link=&#8221;https:\/\/youtu.be\/MRNsX4olRWg&#8221; align=&#8221;center&#8221;][\/vc_column][vc_column width=&#8221;1\/3&#8243;][vc_video link=&#8221;https:\/\/youtu.be\/_Wl41W_hb5Y&#8221;][\/vc_column][vc_column width=&#8221;1\/3&#8243;][vc_video link=&#8221;https:\/\/youtu.be\/kD5iskO3B_s&#8221;][\/vc_column][\/vc_row][vc_row][vc_column][vc_empty_space][\/vc_column][\/vc_row][vc_row][vc_column width=&#8221;1\/3&#8243;][vc_column_text]KEVIN AYERS BAND con Ollie Halsall, Zanna Gregmar, Miquel Figuerola y Pere Colom.<\/p>\n<p>Musical Express. Programa \u00a0de Angels Casas para TVE con Andy Summers (Police) y John Cale (Velvet Underground) como invitados.<\/p>\n<p><a href=\"https:\/\/www.youtube.com\/results?search_query=pere+colom+kevin+ayers\">VER M\u00c1S<\/a><\/p>\n<p><a href=\"https:\/\/perecolom.art\/kevin-ayers-live-in-venlo\/\">Live concert tapes, Venlo (Holland), Benelux tour 1982.<\/a>[\/vc_column_text][\/vc_column][vc_column width=&#8221;1\/3&#8243;][vc_column_text]Banda originalmente llamada OFFBEATS, formada por Hamish McDonald, Jeremy C. Hart, Jordi Ramone, Lisa Bevis y Pere Colom. M\u00e1s tarde al grabar su primer sencillo &#8220;Well your never&#8221; (Charly Records, Londres, 1980) cambi\u00f3 a SEX BEATLES (un tributo a Sex Pistols y The Beatles). Siempre con el gran Ian Carpenter &#8220;Buda&#8221; dirigiendo el espect\u00e1culo.<\/p>\n<p>Aqu\u00ed 2 Videos grabados en el Selva Rock Festival con la participaci\u00f3n de Ollie Halsall y Zanna Gregmar y el sencillo in\u00e9dito &#8220;Al suelo co\u00f1o&#8221;.<\/p>\n<p><a href=\"https:\/\/www.youtube.com\/results?search_query=pere+colom+sex+beatles\">VER M\u00c1S<\/a>[\/vc_column_text][\/vc_column][vc_column width=&#8221;1\/3&#8243;][vc_column_text]<\/p>\n<p class=\"p1\">LOS LOST- Banda sin un solo ensayo cuya base fue siempre la improvisaci\u00f3n en directo. Originalmente formada por Steve Palmer, Pere Colom, Toni Cuenca y Molly Duncan y los que se apuntaban. Jaume Gelabert, Victor Uris y un desconocido que se comi\u00f3 el escenario intervienen en este v\u00eddeo. Sonido del micr\u00f3fono de la c\u00e1mara de video ubicada al fondo de la sala.<br \/>\nBlues Ville, 1996.<\/p>\n<p>[\/vc_column_text][\/vc_column][\/vc_row]<\/p>\n<\/div>","protected":false},"excerpt":{"rendered":"<p>[vc_row][vc_column][vc_column_text] RECOVERED POSTERS [\/vc_column_text][\/vc_column][vc_column][\/vc_column][\/vc_row][vc_row disable_element=&#8221;yes&#8221;][vc_column][\/vc_column][\/vc_row][vc_row][vc_column width=&#8221;1\/3&#8243;][vc_empty_space][\/vc_column][vc_column width=&#8221;1\/3&#8243;][\/vc_column][vc_column width=&#8221;1\/3&#8243;][\/vc_column][\/vc_row][vc_row][vc_column width=&#8221;1\/3&#8243;][vc_video link=&#8221;https:\/\/youtu.be\/YUF8WKk7H98&#8243; title=&#8221;Kevin Ayers&#8221;][\/vc_column][vc_column width=&#8221;1\/3&#8243;][vc_video link=&#8221;https:\/\/youtu.be\/eiFZfAjnFLg&#8221; title=&#8221;Sex Beatles&#8221;][\/vc_column][vc_column width=&#8221;1\/3&#8243;][vc_video link=&#8221;https:\/\/youtu.be\/bYEMfrUVR5o&#8221; title=&#8221;Los Lost&#8221;][\/vc_column][\/vc_row][vc_row][vc_column width=&#8221;1\/3&#8243;][vc_empty_space height=&#8221;20px&#8221;][\/vc_column][vc_column width=&#8221;1\/3&#8243;][\/vc_column][vc_column width=&#8221;1\/3&#8243;][\/vc_column][\/vc_row][vc_row][vc_column width=&#8221;1\/3&#8243;][vc_video link=&#8221;https:\/\/youtu.be\/Jxjl8JqDpZY&#8221; align=&#8221;center&#8221;][\/vc_column][vc_column width=&#8221;1\/3&#8243;][vc_video link=&#8221;https:\/\/youtu.be\/2xA2oVaXenA&#8221;][\/vc_column][vc_column width=&#8221;1\/3&#8243;][vc_video link=&#8221;https:\/\/youtu.be\/lFiktUL9gdA&#8221;][\/vc_column][\/vc_row][vc_row][vc_column][vc_empty_space height=&#8221;20px&#8221;][\/vc_column][\/vc_row][vc_row][vc_column width=&#8221;1\/3&#8243;][vc_video link=&#8221;https:\/\/youtu.be\/MRNsX4olRWg&#8221; align=&#8221;center&#8221;][\/vc_column][vc_column width=&#8221;1\/3&#8243;][vc_video link=&#8221;https:\/\/youtu.be\/_Wl41W_hb5Y&#8221;][\/vc_column][vc_column width=&#8221;1\/3&#8243;][vc_video link=&#8221;https:\/\/youtu.be\/kD5iskO3B_s&#8221;][\/vc_column][\/vc_row][vc_row][vc_column][vc_empty_space][\/vc_column][\/vc_row][vc_row][vc_column width=&#8221;1\/3&#8243;][vc_column_text]KEVIN [&hellip;]<\/p>\n","protected":false},"author":1,"featured_media":0,"parent":0,"menu_order":0,"comment_status":"closed","ping_status":"closed","template":"","meta":{"footnotes":""},"class_list":["post-19118","page","type-page","status-publish","hentry"],"aioseo_notices":[],"_links":{"self":[{"href":"https:\/\/perecolom.art\/es\/wp-json\/wp\/v2\/pages\/19118","targetHints":{"allow":["GET"]}}],"collection":[{"href":"https:\/\/perecolom.art\/es\/wp-json\/wp\/v2\/pages"}],"about":[{"href":"https:\/\/perecolom.art\/es\/wp-json\/wp\/v2\/types\/page"}],"author":[{"embeddable":true,"href":"https:\/\/perecolom.art\/es\/wp-json\/wp\/v2\/users\/1"}],"replies":[{"embeddable":true,"href":"https:\/\/perecolom.art\/es\/wp-json\/wp\/v2\/comments?post=19118"}],"version-history":[{"count":2,"href":"https:\/\/perecolom.art\/es\/wp-json\/wp\/v2\/pages\/19118\/revisions"}],"predecessor-version":[{"id":20047,"href":"https:\/\/perecolom.art\/es\/wp-json\/wp\/v2\/pages\/19118\/revisions\/20047"}],"wp:attachment":[{"href":"https:\/\/perecolom.art\/es\/wp-json\/wp\/v2\/media?parent=19118"}],"curies":[{"name":"wp","href":"https:\/\/api.w.org\/{rel}","templated":true}]}}