{"id":19156,"date":"2021-05-28T10:58:04","date_gmt":"2021-05-28T09:58:04","guid":{"rendered":"https:\/\/perecolom.art\/tienda\/"},"modified":"2025-10-04T14:01:38","modified_gmt":"2025-10-04T13:01:38","slug":"tienda","status":"publish","type":"page","link":"https:\/\/perecolom.art\/es\/tienda\/","title":{"rendered":"Tienda"},"content":{"rendered":"<div class=\"wpb-content-wrapper\"><p>[vc_row][vc_column][vc_column_text]<\/p>\n<h4 style=\"text-align: center;\">Tienda en desarrollo.<br \/>\nAlgunos art\u00edculos a\u00fan no est\u00e1n configurados para la compra. Disculpa las molestias.<\/h4>\n<p>[\/vc_column_text][\/vc_column][\/vc_row][vc_row][vc_column][vc_empty_space height=&#8221;20px&#8221;][\/vc_column][\/vc_row][vc_row][vc_column]<div class=\"woocommerce columns-3\"><ul class=\"products columns-3\">\n<li class=\"product-category product first\">\n\t<a aria-label=\"Visitar la categor\u00eda de producto Libros\" href=\"https:\/\/perecolom.art\/es\/categoria-producto\/libros\/\"><img loading=\"lazy\" decoding=\"async\" src=\"https:\/\/perecolom.art\/wp-content\/uploads\/2022\/09\/simulador-book-diosas-300x300.jpg\" alt=\"Libros\" width=\"300\" height=\"300\" srcset=\"https:\/\/perecolom.art\/wp-content\/uploads\/2022\/09\/simulador-book-diosas-300x300.jpg 300w, https:\/\/perecolom.art\/wp-content\/uploads\/2022\/09\/simulador-book-diosas-150x150.jpg 150w, https:\/\/perecolom.art\/wp-content\/uploads\/2022\/09\/simulador-book-diosas-550x550.jpg 550w, https:\/\/perecolom.art\/wp-content\/uploads\/2022\/09\/simulador-book-diosas-100x100.jpg 100w\" sizes=\"auto, (max-width: 300px) 100vw, 300px\" \/>\t\t<h2 class=\"woocommerce-loop-category__title\">\n\t\t\tLibros <mark class=\"count\">(4)<\/mark>\t\t<\/h2>\n\t\t<\/a><\/li>\n<li class=\"product-category product\">\n\t<a aria-label=\"Visitar la categor\u00eda de producto Neo Clasicos 2.0\" href=\"https:\/\/perecolom.art\/es\/categoria-producto\/series-limitadas\/neo-clasicos-2-0\/\"><img loading=\"lazy\" decoding=\"async\" src=\"https:\/\/perecolom.art\/wp-content\/uploads\/2021\/04\/3-gracias-1-e1576518722732-300x300.jpg\" alt=\"Neo Clasicos 2.0\" width=\"300\" height=\"300\" srcset=\"https:\/\/perecolom.art\/wp-content\/uploads\/2021\/04\/3-gracias-1-e1576518722732-300x300.jpg 300w, https:\/\/perecolom.art\/wp-content\/uploads\/2021\/04\/3-gracias-1-e1576518722732-150x150.jpg 150w, https:\/\/perecolom.art\/wp-content\/uploads\/2021\/04\/3-gracias-1-e1576518722732-550x550.jpg 550w, https:\/\/perecolom.art\/wp-content\/uploads\/2021\/04\/3-gracias-1-e1576518722732-100x100.jpg 100w\" sizes=\"auto, (max-width: 300px) 100vw, 300px\" \/>\t\t<h2 class=\"woocommerce-loop-category__title\">\n\t\t\tNeo Clasicos 2.0 <mark class=\"count\">(7)<\/mark>\t\t<\/h2>\n\t\t<\/a><\/li>\n<li class=\"product-category product last\">\n\t<a aria-label=\"Visitar la categor\u00eda de producto Transferencias Polaroid\" href=\"https:\/\/perecolom.art\/es\/categoria-producto\/series-limitadas\/pola-transfers-es\/\"><img loading=\"lazy\" decoding=\"async\" src=\"https:\/\/perecolom.art\/wp-content\/uploads\/2021\/06\/natalia-300x300.jpg\" alt=\"Transferencias Polaroid\" width=\"300\" height=\"300\" srcset=\"https:\/\/perecolom.art\/wp-content\/uploads\/2021\/06\/natalia-300x300.jpg 300w, https:\/\/perecolom.art\/wp-content\/uploads\/2021\/06\/natalia-150x150.jpg 150w, https:\/\/perecolom.art\/wp-content\/uploads\/2021\/06\/natalia-550x550.jpg 550w, https:\/\/perecolom.art\/wp-content\/uploads\/2021\/06\/natalia-100x100.jpg 100w\" sizes=\"auto, (max-width: 300px) 100vw, 300px\" \/>\t\t<h2 class=\"woocommerce-loop-category__title\">\n\t\t\tTransferencias Polaroid <mark class=\"count\">(3)<\/mark>\t\t<\/h2>\n\t\t<\/a><\/li>\n<li class=\"product-category product first\">\n\t<a aria-label=\"Visitar la categor\u00eda de producto El silencio del tiempo\" href=\"https:\/\/perecolom.art\/es\/categoria-producto\/series-limitadas\/el-silenci-del-temps-es\/\"><img loading=\"lazy\" decoding=\"async\" src=\"https:\/\/perecolom.art\/wp-content\/uploads\/2021\/04\/silenci-del-temps-p42-oliveres_0142-300x300.jpg\" alt=\"El silencio del tiempo\" width=\"300\" height=\"300\" srcset=\"https:\/\/perecolom.art\/wp-content\/uploads\/2021\/04\/silenci-del-temps-p42-oliveres_0142-300x300.jpg 300w, https:\/\/perecolom.art\/wp-content\/uploads\/2021\/04\/silenci-del-temps-p42-oliveres_0142-150x150.jpg 150w, https:\/\/perecolom.art\/wp-content\/uploads\/2021\/04\/silenci-del-temps-p42-oliveres_0142-550x550.jpg 550w, https:\/\/perecolom.art\/wp-content\/uploads\/2021\/04\/silenci-del-temps-p42-oliveres_0142-100x100.jpg 100w\" sizes=\"auto, (max-width: 300px) 100vw, 300px\" \/>\t\t<h2 class=\"woocommerce-loop-category__title\">\n\t\t\tEl silencio del tiempo <mark class=\"count\">(12)<\/mark>\t\t<\/h2>\n\t\t<\/a><\/li>\n<li class=\"product-category product\">\n\t<a aria-label=\"Visitar la categor\u00eda de producto liberar pezones\" href=\"https:\/\/perecolom.art\/es\/categoria-producto\/series-limitadas\/liberar-pezones\/\"><img loading=\"lazy\" decoding=\"async\" src=\"https:\/\/perecolom.art\/wp-content\/uploads\/2021\/02\/hide_nipples_9-300x300.jpg\" alt=\"liberar pezones\" width=\"300\" height=\"300\" srcset=\"https:\/\/perecolom.art\/wp-content\/uploads\/2021\/02\/hide_nipples_9-300x300.jpg 300w, https:\/\/perecolom.art\/wp-content\/uploads\/2021\/02\/hide_nipples_9-150x150.jpg 150w, https:\/\/perecolom.art\/wp-content\/uploads\/2021\/02\/hide_nipples_9-550x550.jpg 550w, https:\/\/perecolom.art\/wp-content\/uploads\/2021\/02\/hide_nipples_9-100x100.jpg 100w\" sizes=\"auto, (max-width: 300px) 100vw, 300px\" \/>\t\t<h2 class=\"woocommerce-loop-category__title\">\n\t\t\tliberar pezones <mark class=\"count\">(1)<\/mark>\t\t<\/h2>\n\t\t<\/a><\/li>\n<\/ul>\n<\/div>[\/vc_column][\/vc_row]<\/p>\n<\/div>","protected":false},"excerpt":{"rendered":"<p>[vc_row][vc_column][vc_column_text] Tienda en desarrollo. Algunos art\u00edculos a\u00fan no est\u00e1n configurados para la compra. Disculpa las molestias. [\/vc_column_text][\/vc_column][\/vc_row][vc_row][vc_column][vc_empty_space height=&#8221;20px&#8221;][\/vc_column][\/vc_row][vc_row][vc_column][\/vc_column][\/vc_row]<\/p>\n","protected":false},"author":1,"featured_media":0,"parent":0,"menu_order":0,"comment_status":"closed","ping_status":"closed","template":"","meta":{"footnotes":""},"class_list":["post-19156","page","type-page","status-publish","hentry"],"aioseo_notices":[],"_links":{"self":[{"href":"https:\/\/perecolom.art\/es\/wp-json\/wp\/v2\/pages\/19156","targetHints":{"allow":["GET"]}}],"collection":[{"href":"https:\/\/perecolom.art\/es\/wp-json\/wp\/v2\/pages"}],"about":[{"href":"https:\/\/perecolom.art\/es\/wp-json\/wp\/v2\/types\/page"}],"author":[{"embeddable":true,"href":"https:\/\/perecolom.art\/es\/wp-json\/wp\/v2\/users\/1"}],"replies":[{"embeddable":true,"href":"https:\/\/perecolom.art\/es\/wp-json\/wp\/v2\/comments?post=19156"}],"version-history":[{"count":6,"href":"https:\/\/perecolom.art\/es\/wp-json\/wp\/v2\/pages\/19156\/revisions"}],"predecessor-version":[{"id":20416,"href":"https:\/\/perecolom.art\/es\/wp-json\/wp\/v2\/pages\/19156\/revisions\/20416"}],"wp:attachment":[{"href":"https:\/\/perecolom.art\/es\/wp-json\/wp\/v2\/media?parent=19156"}],"curies":[{"name":"wp","href":"https:\/\/api.w.org\/{rel}","templated":true}]}}