{"id":19376,"date":"2021-05-24T17:33:41","date_gmt":"2021-05-24T16:33:41","guid":{"rendered":"https:\/\/perecolom.art\/deiavu\/"},"modified":"2026-05-06T13:17:49","modified_gmt":"2026-05-06T12:17:49","slug":"deiavu-portraits-principios","status":"publish","type":"page","link":"https:\/\/perecolom.art\/es\/deiavu-portraits-principios\/","title":{"rendered":"DEI\u00c0VU PORTRAITS (Principios)"},"content":{"rendered":"<div class=\"wpb-content-wrapper\"><p>[vc_row][vc_column][vc_column_text css_animation=&#8221;fadeInDown&#8221;]<img loading=\"lazy\" decoding=\"async\" class=\"size-medium wp-image-18600 aligncenter\" src=\"https:\/\/perecolom.art\/wp-content\/uploads\/2021\/05\/logo-deia-vu-300x100.jpg\" alt=\"\" width=\"300\" height=\"100\" srcset=\"https:\/\/perecolom.art\/wp-content\/uploads\/2021\/05\/logo-deia-vu-300x100.jpg 300w, https:\/\/perecolom.art\/wp-content\/uploads\/2021\/05\/logo-deia-vu.jpg 416w\" sizes=\"auto, (max-width: 300px) 100vw, 300px\" \/><\/p>\n<p>[\/vc_column_text][\/vc_column][\/vc_row][vc_row][vc_column][vc_column_text]<\/p>\n<p style=\"text-align: left;\">El proyecto:<br \/>\nRetratos de personajes de Dei\u00e0 -nativos y extranjeros-. Una aut\u00e9ntico ejemplo de convivencia cultural desde que Robert Graves lleg\u00f3 a la isla en 1929.<br \/>\nEste proyecto empez\u00f3 a principios de octubre de 2019 en el Hotel La Residencia y sigui\u00f3 en Navidad en el sal\u00f3n de actos de l&#8217;Ajuntament de Deia.<br \/>\nTen\u00eda previsto acabarlo entre las vacaciones de Semana Santa y el verano pero el Covid-19 lo interrumpi\u00f3.<br \/>\nDesde principios de septiembre hasta mediados de octubre de 2020 seguimos fotografiando personajes en Can Vanrell (la casa de Tolito en Es Clot).<br \/>\nDesde agosto hasta principios de octubre de 2021 el estudio se mont\u00f3 en la sala principal de Cecile Sheridan: Una aut\u00e9ntica invasi\u00f3n en toda regla.<\/p>\n<p>[\/vc_column_text][vc_empty_space][\/vc_column][\/vc_row][vc_row content_placement=&#8221;middle&#8221; content_text_aligment=&#8221;center&#8221;][vc_column][vc_video link=&#8221;https:\/\/youtu.be\/VtV2qlh9AzQ&#8221; el_width=&#8221;70&#8243; align=&#8221;center&#8221; css_animation=&#8221;fadeIn&#8221;][\/vc_column][\/vc_row][vc_row content_placement=&#8221;middle&#8221; row_content_width=&#8221;grid&#8221; content_text_aligment=&#8221;center&#8221;][vc_column][vc_empty_space][\/vc_column][\/vc_row]<\/p>\n<\/div>","protected":false},"excerpt":{"rendered":"<p>[vc_row][vc_column][vc_column_text css_animation=&#8221;fadeInDown&#8221;] [\/vc_column_text][\/vc_column][\/vc_row][vc_row][vc_column][vc_column_text] El proyecto: Retratos de personajes de Dei\u00e0 -nativos y extranjeros-. Una aut\u00e9ntico ejemplo de convivencia cultural desde que Robert Graves lleg\u00f3 a la isla en 1929. Este proyecto empez\u00f3 a principios de octubre de 2019 en el [&hellip;]<\/p>\n","protected":false},"author":1,"featured_media":0,"parent":0,"menu_order":0,"comment_status":"closed","ping_status":"closed","template":"","meta":{"footnotes":""},"class_list":["post-19376","page","type-page","status-publish","hentry"],"aioseo_notices":[],"_links":{"self":[{"href":"https:\/\/perecolom.art\/es\/wp-json\/wp\/v2\/pages\/19376","targetHints":{"allow":["GET"]}}],"collection":[{"href":"https:\/\/perecolom.art\/es\/wp-json\/wp\/v2\/pages"}],"about":[{"href":"https:\/\/perecolom.art\/es\/wp-json\/wp\/v2\/types\/page"}],"author":[{"embeddable":true,"href":"https:\/\/perecolom.art\/es\/wp-json\/wp\/v2\/users\/1"}],"replies":[{"embeddable":true,"href":"https:\/\/perecolom.art\/es\/wp-json\/wp\/v2\/comments?post=19376"}],"version-history":[{"count":3,"href":"https:\/\/perecolom.art\/es\/wp-json\/wp\/v2\/pages\/19376\/revisions"}],"predecessor-version":[{"id":20434,"href":"https:\/\/perecolom.art\/es\/wp-json\/wp\/v2\/pages\/19376\/revisions\/20434"}],"wp:attachment":[{"href":"https:\/\/perecolom.art\/es\/wp-json\/wp\/v2\/media?parent=19376"}],"curies":[{"name":"wp","href":"https:\/\/api.w.org\/{rel}","templated":true}]}}