{"id":19386,"date":"2021-03-02T13:07:47","date_gmt":"2021-03-02T13:07:47","guid":{"rendered":"https:\/\/perecolom.art\/quien-soy\/"},"modified":"2023-02-16T18:29:19","modified_gmt":"2023-02-16T18:29:19","slug":"quien-soy","status":"publish","type":"page","link":"https:\/\/perecolom.art\/es\/quien-soy\/","title":{"rendered":"Quien soy"},"content":{"rendered":"<div class=\"wpb-content-wrapper\"><p>[vc_row full_width=&#8221;stretch_row_content&#8221; full_height=&#8221;yes&#8221; equal_height=&#8221;yes&#8221; css_animation=&#8221;zoomIn&#8221; content_text_aligment=&#8221;center&#8221; css=&#8221;.vc_custom_1623056231090{background-image: url(https:\/\/perecolom.art\/wp-content\/uploads\/2021\/03\/about-me-1.jpg?id=13932) !important;background-position: center !important;background-repeat: no-repeat !important;background-size: cover !important;}&#8221;][vc_column][vc_row_inner row_content_width=&#8221;grid&#8221; content_text_aligment=&#8221;left&#8221;][vc_column_inner offset=&#8221;vc_col-lg-offset-2 vc_col-lg-8&#8243;]<div class=\"edgt-elements-holder   edgt-one-column  edgt-responsive-mode-768 edgt-one-column-alignment-left\" ><div class=\"edgt-eh-item  edgt-vertical-alignment-top edgt-horizontal-alignment-center \"  data-item-class=\"edgt-eh-custom-1976\" data-1280-1600=\"16% 1% 16% 1%\" data-1024-1280=\"12% 0% 9% 0%\" data-768-1024=\"13% 1% 13% 1%\" data-680-768=\"21% 1% 21% 1%\" data-680=\"15% 1% 15% 1%\">\n\t<div class=\"edgt-eh-item-inner\">\n\t\t<div class=\"edgt-eh-item-content edgt-eh-custom-1976\" style=\"padding: 29% 4% 21.5% 4%\">\n\t\t\t[vc_column_text]<\/p>\n<h6 style=\"text-align: center;\"><span style=\"color: #ffffff;\">quien soy<\/span><\/h6>\n<p>[\/vc_column_text][vc_empty_space height=&#8221;10px&#8221;][vc_column_text]<\/p>\n<h2 style=\"text-align: center;\"><span style=\"color: #ffffff;\">Pere Colom<br \/>\n<\/span><\/h2>\n<p>[\/vc_column_text][vc_empty_space][vc_column_text]<\/p>\n<h5><strong><span style=\"color: #ccffff;\">Desde mi adolescencia me dediqu\u00e9 a la m\u00fasica, tocando primero en clubes nocturnos para turistas y luego con una banda de rock brit\u00e1nica &#8220;Offbeats&#8221; (luego &#8220;The Sex Beatles&#8221;).<\/span> <\/strong><br \/>\n<strong><span style=\"color: #ccffff;\">En 1979 Kevin Ayers me encarg\u00f3 formar una banda con la que colaborar\u00eda durante 3 a\u00f1os recorriendo Espa\u00f1a y Europa y grabando algunos programas de televisi\u00f3n.<\/span>&lt;\/strong &gt;<\/strong><\/h5>\n<h5><strong><span style=\"color: #ccffff;\">En 1985, cuando la revista de fotograf\u00eda internacional m\u00e1s importante &#8220;PHOTO&#8221; dedic\u00f3 una portada y 8 p\u00e1ginas interiores a mis desnudos, decid\u00ed tomarme la fotograf\u00eda en serio y crear mi propio estudio. Trabaj\u00e9 en moda, publicidad y dise\u00f1o de interiores y colabor\u00e9 con importantes revistas como Vogue, Elle, Donna, House &amp; Garden.<\/span><\/strong><\/h5>\n<h5><strong><span style=\"color: #ccffff;\">En 1990, fui seleccionado por Kodak junto con 11 fot\u00f3grafos para exhibir mi trabajo durante 6 meses en Epcot Center (Florida, EE. UU.) para conmemorar el 150 aniversario del nacimiento de la fotograf\u00eda.<\/span><\/strong><\/h5>\n<h5><strong><span style=\"color: #ccffff;\">A principios de la d\u00e9cada de 1990, comenc\u00e9 a exhibir mis obras de arte en galer\u00edas de arte, centros de arte y museos.<\/span><\/strong><\/h5>\n<h5><strong><span style=\"color: #ccffff;\">En el a\u00f1o 2000, por motivos no art\u00edsticos, decid\u00ed centrarme \u00fanicamente en encargos comerciales. En 2017 di marcha atr\u00e1s y comenc\u00e9 a recuperar proyectos personales aparcados durante mucho tiempo.<\/span><\/strong><\/h5>\n<p>[\/vc_column_text][vc_empty_space height=&#8221;80px&#8221;][vc_single_image image=&#8221;18294&#8243; img_size=&#8221;full&#8221; alignment=&#8221;right&#8221;]\t\t<\/div>\n\t<\/div>\n<\/div><\/div>[\/vc_column_inner][\/vc_row_inner][vc_row_inner content_placement=&#8221;middle&#8221; content_text_aligment=&#8221;center&#8221; css=&#8221;.vc_custom_1494236665816{padding-top: 62px !important;padding-bottom: 62px !important;}&#8221; simple_background_color=&#8221;#000000&#8243;][vc_column_inner][vc_column_text]<\/p>\n<h6><span style=\"color: #707070;\">copyright \u00a9Pere Colom 2020<br \/>\n<\/span><\/h6>\n<p>[\/vc_column_text][\/vc_column_inner][\/vc_row_inner][\/vc_column][\/vc_row]<\/p>\n<\/div>","protected":false},"excerpt":{"rendered":"<p>[vc_row full_width=&#8221;stretch_row_content&#8221; full_height=&#8221;yes&#8221; equal_height=&#8221;yes&#8221; css_animation=&#8221;zoomIn&#8221; content_text_aligment=&#8221;center&#8221; css=&#8221;.vc_custom_1623056231090{background-image: url(https:\/\/perecolom.art\/wp-content\/uploads\/2021\/03\/about-me-1.jpg?id=13932) !important;background-position: center !important;background-repeat: no-repeat !important;background-size: cover !important;}&#8221;][vc_column][vc_row_inner row_content_width=&#8221;grid&#8221; content_text_aligment=&#8221;left&#8221;][vc_column_inner offset=&#8221;vc_col-lg-offset-2 vc_col-lg-8&#8243;][\/vc_column_inner][\/vc_row_inner][vc_row_inner content_placement=&#8221;middle&#8221; content_text_aligment=&#8221;center&#8221; css=&#8221;.vc_custom_1494236665816{padding-top: 62px !important;padding-bottom: 62px !important;}&#8221; simple_background_color=&#8221;#000000&#8243;][vc_column_inner][vc_column_text] copyright \u00a9Pere Colom 2020 [\/vc_column_text][\/vc_column_inner][\/vc_row_inner][\/vc_column][\/vc_row]<\/p>\n","protected":false},"author":1,"featured_media":0,"parent":0,"menu_order":0,"comment_status":"closed","ping_status":"closed","template":"full-width.php","meta":{"footnotes":""},"class_list":["post-19386","page","type-page","status-publish","hentry"],"aioseo_notices":[],"_links":{"self":[{"href":"https:\/\/perecolom.art\/es\/wp-json\/wp\/v2\/pages\/19386","targetHints":{"allow":["GET"]}}],"collection":[{"href":"https:\/\/perecolom.art\/es\/wp-json\/wp\/v2\/pages"}],"about":[{"href":"https:\/\/perecolom.art\/es\/wp-json\/wp\/v2\/types\/page"}],"author":[{"embeddable":true,"href":"https:\/\/perecolom.art\/es\/wp-json\/wp\/v2\/users\/1"}],"replies":[{"embeddable":true,"href":"https:\/\/perecolom.art\/es\/wp-json\/wp\/v2\/comments?post=19386"}],"version-history":[{"count":1,"href":"https:\/\/perecolom.art\/es\/wp-json\/wp\/v2\/pages\/19386\/revisions"}],"predecessor-version":[{"id":20036,"href":"https:\/\/perecolom.art\/es\/wp-json\/wp\/v2\/pages\/19386\/revisions\/20036"}],"wp:attachment":[{"href":"https:\/\/perecolom.art\/es\/wp-json\/wp\/v2\/media?parent=19386"}],"curies":[{"name":"wp","href":"https:\/\/api.w.org\/{rel}","templated":true}]}}