{"id":19510,"date":"2021-06-27T19:34:07","date_gmt":"2021-06-27T19:34:07","guid":{"rendered":"https:\/\/perecolom.art\/shop\/sin%20categor\u00eda\/torso-torso\/"},"modified":"2022-09-01T12:47:48","modified_gmt":"2022-09-01T12:47:48","slug":"torso-mujer","status":"publish","type":"product","link":"https:\/\/perecolom.art\/es\/shop\/obra-unica-es\/torso-mujer\/","title":{"rendered":"Torso de mujer"},"content":{"rendered":"<p>Obra \u00fanica.<br \/>\nPel\u00edcula Polaroid de 50&#215;60 cm transferida a papel de acuarela hecho a mano en el 20\u00d724 Studio en Praga, Rep\u00fablica Checa. 1996.<\/p>\n<p><b>\t<a class=\"paoc-popup-click paoc-popup-cust-16175 paoc-popup-button paoc-popup-btn \" href=\"javascript:void(0);\">Price request<\/a>\r\n<\/b><\/p>\n","protected":false},"excerpt":{"rendered":"<p>Obra \u00fanica. Pel\u00edcula Polaroid de 50&#215;60 cm transferida a papel de acuarela hecho a mano en el 20\u00d724 Studio en Praga, Rep\u00fablica Checa. 1996.<\/p>\n","protected":false},"featured_media":18945,"template":"","meta":[],"product_brand":[],"product_cat":[224],"product_tag":[248,247],"class_list":{"0":"post-19510","1":"product","2":"type-product","3":"status-publish","4":"has-post-thumbnail","6":"product_cat-obra-unica-es","7":"product_tag-unique-work-es","8":"product_tag-polaroid-transfer-es","10":"first","11":"instock","12":"sold-individually","13":"shipping-taxable","14":"product-type-simple"},"aioseo_notices":[],"_links":{"self":[{"href":"https:\/\/perecolom.art\/es\/wp-json\/wp\/v2\/product\/19510","targetHints":{"allow":["GET"]}}],"collection":[{"href":"https:\/\/perecolom.art\/es\/wp-json\/wp\/v2\/product"}],"about":[{"href":"https:\/\/perecolom.art\/es\/wp-json\/wp\/v2\/types\/product"}],"wp:featuredmedia":[{"embeddable":true,"href":"https:\/\/perecolom.art\/es\/wp-json\/wp\/v2\/media\/18945"}],"wp:attachment":[{"href":"https:\/\/perecolom.art\/es\/wp-json\/wp\/v2\/media?parent=19510"}],"wp:term":[{"taxonomy":"product_brand","embeddable":true,"href":"https:\/\/perecolom.art\/es\/wp-json\/wp\/v2\/product_brand?post=19510"},{"taxonomy":"product_cat","embeddable":true,"href":"https:\/\/perecolom.art\/es\/wp-json\/wp\/v2\/product_cat?post=19510"},{"taxonomy":"product_tag","embeddable":true,"href":"https:\/\/perecolom.art\/es\/wp-json\/wp\/v2\/product_tag?post=19510"}],"curies":[{"name":"wp","href":"https:\/\/api.w.org\/{rel}","templated":true}]}}