{"id":19611,"date":"2021-04-23T18:31:36","date_gmt":"2021-04-23T18:31:36","guid":{"rendered":"https:\/\/perecolom.art\/shop\/sin categor\u00eda\/i-love-mallorca-because-es\/"},"modified":"2021-04-23T18:31:36","modified_gmt":"2021-04-23T18:31:36","slug":"i-love-mallorca-because-es","status":"publish","type":"product","link":"https:\/\/perecolom.art\/es\/shop\/libros\/i-love-mallorca-because-es\/","title":{"rendered":"I love Mallorca because&#8230;"},"content":{"rendered":"<div id=\"center_column\" class=\" grid_5\">\n<div id=\"more_info_block\" class=\"clear\">\n<div id=\"more_info_sheets\" class=\"sheets align_justify\">\n<div id=\"idTab1\" class=\"rte\">\n<p>50 Personalidades de diferentes pa\u00edses que viven o visitan la isla con frecuencia completan la frase &#8220;I Love Mallorca because&#8230;&#8221;, Michael Douglas, Cristina Macaya, Robert Graves, Sybilla, Isabel Preysler, Andrew Lloyd Weber, Agatha Ruiz de la Prada, etc. Ilustrado con las excepcionales fotos de detalles de Mallorca realizadas por Pere Colom desde un helic\u00f3ptero, textos en catal\u00e1n, espa\u00f1ol, ingl\u00e9s e italiano, publicado por la Fundaci\u00f3n Yannick y Ben Jakober, &nbsp;ISBN 84-85932-47-1.&nbsp;<\/p>\n<\/div>\n<\/div>\n<\/div>\n<\/div>\n","protected":false},"excerpt":{"rendered":"<p>Tapa blanda, 120 p\u00e1ginas, 53 fotograf\u00edas en color<br \/>\nEditado por la Fundaci\u00f3n Yannick y Ben Jakober.<br \/>\nA\u00f1o 2005&nbsp;<br \/>\nDimensiones: 13.5 x 21 cm&nbsp;<\/p>\n","protected":false},"featured_media":18374,"template":"","meta":[],"product_brand":[],"product_cat":[214],"product_tag":[],"class_list":{"0":"post-19611","1":"product","2":"type-product","3":"status-publish","4":"has-post-thumbnail","6":"product_cat-libros","8":"first","9":"instock","10":"sale","11":"shipping-taxable","12":"product-type-external"},"aioseo_notices":[],"_links":{"self":[{"href":"https:\/\/perecolom.art\/es\/wp-json\/wp\/v2\/product\/19611","targetHints":{"allow":["GET"]}}],"collection":[{"href":"https:\/\/perecolom.art\/es\/wp-json\/wp\/v2\/product"}],"about":[{"href":"https:\/\/perecolom.art\/es\/wp-json\/wp\/v2\/types\/product"}],"wp:featuredmedia":[{"embeddable":true,"href":"https:\/\/perecolom.art\/es\/wp-json\/wp\/v2\/media\/18374"}],"wp:attachment":[{"href":"https:\/\/perecolom.art\/es\/wp-json\/wp\/v2\/media?parent=19611"}],"wp:term":[{"taxonomy":"product_brand","embeddable":true,"href":"https:\/\/perecolom.art\/es\/wp-json\/wp\/v2\/product_brand?post=19611"},{"taxonomy":"product_cat","embeddable":true,"href":"https:\/\/perecolom.art\/es\/wp-json\/wp\/v2\/product_cat?post=19611"},{"taxonomy":"product_tag","embeddable":true,"href":"https:\/\/perecolom.art\/es\/wp-json\/wp\/v2\/product_tag?post=19611"}],"curies":[{"name":"wp","href":"https:\/\/api.w.org\/{rel}","templated":true}]}}