{"id":19779,"date":"2021-04-23T18:31:27","date_gmt":"2021-04-23T18:31:27","guid":{"rendered":"https:\/\/perecolom.art\/shop\/sin%20categor\u00eda\/sleeping-venus-es\/"},"modified":"2022-10-10T20:10:14","modified_gmt":"2022-10-10T20:10:14","slug":"sleeping-venus-es","status":"publish","type":"product","link":"https:\/\/perecolom.art\/es\/shop\/series-limitadas\/neo-clasicos-2-0\/sleeping-venus-es\/","title":{"rendered":"Venus durmiente"},"content":{"rendered":"<p><b>Edici\u00f3n limitada | <\/b>Edici\u00f3n: <strong>7\/7 | <\/strong>Medidas: <strong>100 x 165 cm*<\/strong><\/p>\n<p>Pintura original: Sleeping Venus. Giorgione -Acabada per Tiziano- alrededor de 1507-1510<br \/>\nGem\u00e4ldegalerie Alte Meister, Dresden, Germany.<\/p>\n<p><em>*Similar size to the original\u00a0<\/em><\/p>\n<p>En esta interpretaci\u00f3n se han eliminado\u00a0las principales conotaciones er\u00f3ticas, contrariamente al original en que la\u00a0Venus tiene levantado su brazo derecho mostrando as\u00ed el hueco de la axila, esto es una met\u00e1fora del sexo femenino, al mismo tiempo su mano izquierda reposa dulcemente sobre la regi\u00f3n pubiana, aqu\u00ed la axila est\u00e1 concientemente tapada as\u00ed como la mano izquierda sostiene un celular. Como met\u00e1fora de nuestro tiempo, a esa mujer no le impresiona tanto lo exterior (el paisaje) como lo interior: los ojos cerrados para sentir mejor la m\u00fasica. Quiz\u00e1s tambi\u00e9n al haber un aeropuerto cerca (el avi\u00f3n est\u00e1 bajando) consigue con los auriculares un mayor aislamiento del entorno.<\/p>\n<p>En el original hay mucho silencio, en este hay un cierto ruido lejano, como es el avi\u00f3n, el quad subiendo al pueblo y una furgoneta de camino a la gran urbe.<\/p>\n<p><em>These images are copyright of the artist and no reproduction is permitted without the express permission of the artist.<\/em><br \/>\n<em>Certificate of authenticity included.<\/em><\/p>\n","protected":false},"excerpt":{"rendered":"<p><b>Ediciones limitadas<br \/>\n<\/b><\/p>\n<p>Edici\u00f3n: <strong>7\/7<\/strong><br \/>\nMedidas: <strong>100 x 165 cm<br \/>\n<\/strong>Serie: <strong>New Classics 2.0<br \/>\n<\/strong><\/p>\n","protected":false},"featured_media":18352,"template":"","meta":[],"product_brand":[],"product_cat":[217],"product_tag":[],"class_list":{"0":"post-19779","1":"product","2":"type-product","3":"status-publish","4":"has-post-thumbnail","6":"product_cat-neo-clasicos-2-0","8":"first","9":"instock","10":"shipping-taxable","11":"purchasable","12":"product-type-simple"},"aioseo_notices":[],"_links":{"self":[{"href":"https:\/\/perecolom.art\/es\/wp-json\/wp\/v2\/product\/19779","targetHints":{"allow":["GET"]}}],"collection":[{"href":"https:\/\/perecolom.art\/es\/wp-json\/wp\/v2\/product"}],"about":[{"href":"https:\/\/perecolom.art\/es\/wp-json\/wp\/v2\/types\/product"}],"wp:featuredmedia":[{"embeddable":true,"href":"https:\/\/perecolom.art\/es\/wp-json\/wp\/v2\/media\/18352"}],"wp:attachment":[{"href":"https:\/\/perecolom.art\/es\/wp-json\/wp\/v2\/media?parent=19779"}],"wp:term":[{"taxonomy":"product_brand","embeddable":true,"href":"https:\/\/perecolom.art\/es\/wp-json\/wp\/v2\/product_brand?post=19779"},{"taxonomy":"product_cat","embeddable":true,"href":"https:\/\/perecolom.art\/es\/wp-json\/wp\/v2\/product_cat?post=19779"},{"taxonomy":"product_tag","embeddable":true,"href":"https:\/\/perecolom.art\/es\/wp-json\/wp\/v2\/product_tag?post=19779"}],"curies":[{"name":"wp","href":"https:\/\/api.w.org\/{rel}","templated":true}]}}