{"id":19816,"date":"2021-04-23T18:31:29","date_gmt":"2021-04-23T18:31:29","guid":{"rendered":"https:\/\/perecolom.art\/shop\/sin categor\u00eda\/mercado-de-esclavos\/"},"modified":"2021-04-23T18:31:29","modified_gmt":"2021-04-23T18:31:29","slug":"mercado-de-esclavos","status":"publish","type":"product","link":"https:\/\/perecolom.art\/es\/shop\/series-limitadas\/neo-clasicos-2-0\/mercado-de-esclavos\/","title":{"rendered":"Mercado de esclavos (nada ha cambiado)"},"content":{"rendered":"<p><b>Edici\u00f3n limitada<\/b><\/p>\n<p>Edici\u00f3n: <strong>7\/7<\/strong><br \/>\nMedidas: <strong>100 x 125 cm*<\/strong><\/p>\n<p>Neo Cl\u00e1sicos 2.0 series.<\/p>\n<p>Original art work: Slave market in ancient Rome. <b>Jean-L\u00e9on G\u00e9r\u00f4me <\/b>circa 1884<br \/>\nThe Hermitage Museum. St. Petersburg<\/p>\n<p><em>*Similar size to the original frame exhibited in the museum.<\/em><\/p>\n<p><em>These images are copyright and no reproduction is permitted without the express permission of the artist.<\/em><br \/>\n<em>Certificate of authenticity included.<\/em><\/p>\n","protected":false},"excerpt":{"rendered":"<p><b>Series limitadas<\/b><\/p>\n<p>Edici\u00f3n: <strong>7\/7<\/strong><br \/>\nMedidas: <strong>100 x 125 cm<br \/>\n<\/strong>Serie: <strong>Neo Cl\u00e1sicos 2.0<br \/>\n<\/strong><\/p>\n","protected":false},"featured_media":18356,"template":"","meta":[],"product_brand":[],"product_cat":[217],"product_tag":[],"class_list":{"0":"post-19816","1":"product","2":"type-product","3":"status-publish","4":"has-post-thumbnail","6":"product_cat-neo-clasicos-2-0","8":"first","9":"instock","10":"shipping-taxable","11":"purchasable","12":"product-type-simple"},"aioseo_notices":[],"_links":{"self":[{"href":"https:\/\/perecolom.art\/es\/wp-json\/wp\/v2\/product\/19816","targetHints":{"allow":["GET"]}}],"collection":[{"href":"https:\/\/perecolom.art\/es\/wp-json\/wp\/v2\/product"}],"about":[{"href":"https:\/\/perecolom.art\/es\/wp-json\/wp\/v2\/types\/product"}],"wp:featuredmedia":[{"embeddable":true,"href":"https:\/\/perecolom.art\/es\/wp-json\/wp\/v2\/media\/18356"}],"wp:attachment":[{"href":"https:\/\/perecolom.art\/es\/wp-json\/wp\/v2\/media?parent=19816"}],"wp:term":[{"taxonomy":"product_brand","embeddable":true,"href":"https:\/\/perecolom.art\/es\/wp-json\/wp\/v2\/product_brand?post=19816"},{"taxonomy":"product_cat","embeddable":true,"href":"https:\/\/perecolom.art\/es\/wp-json\/wp\/v2\/product_cat?post=19816"},{"taxonomy":"product_tag","embeddable":true,"href":"https:\/\/perecolom.art\/es\/wp-json\/wp\/v2\/product_tag?post=19816"}],"curies":[{"name":"wp","href":"https:\/\/api.w.org\/{rel}","templated":true}]}}