{"id":20224,"date":"2024-09-30T13:28:37","date_gmt":"2024-09-30T12:28:37","guid":{"rendered":"https:\/\/perecolom.art\/shop\/sin%20categor\u00eda\/deia-vu-portraits\/"},"modified":"2025-04-27T21:01:15","modified_gmt":"2025-04-27T20:01:15","slug":"deia-vu-portraits","status":"publish","type":"product","link":"https:\/\/perecolom.art\/es\/shop\/libros\/deia-vu-portraits\/","title":{"rendered":"DEI\u00c0 VU PORTRAITS"},"content":{"rendered":"<p>En este libro de retratos de Pere Colom no s\u00f3lo hallamos la mirada art\u00edstica, encontramos tambi\u00e9n el homenaje, la mirada de quien ha compartido con ellos un tiempo sin lugar en el tiempo, una mirada de amor y complicidad, una mirada de quien es y se siente uno m\u00e1s de esa comunidad, de ese paisaje. Este libro es un homenaje tanto a los que son y est\u00e1n, como a los que ya no est\u00e1n, o a los que han tenido que irse a soportar el para\u00edso a otros lugares inventados.<\/p>\n<p><strong>Antonio Rigo<\/strong><br \/>\n<em>Poeta<\/em><\/p>\n<p>Fotografiar personajes, uno a uno, es una dif\u00edcil tarea tanto para el sujeto como para el fot\u00f3grafo. El fot\u00f3grafo tiene que desvelar la personalidad del sujeto y el sujeto debe estar dispuesto a revelarse.<\/p>\n<p><strong>Andrew MacLean<\/strong><br \/>\n<em>Fot\u00f3grafo<\/em><\/p>\n<p>En los textos que los personajes han escrito para acompa\u00f1ar sus retratos y en los cuales describen lo que les atrajo de Dei\u00e0, hablan de esta naturaleza tan potente y bella, pero, sobre todo, de sus habitantes y del hecho de que se sent\u00edan en un lugar muy especial, donde no se los juzgaba, donde encontraban buenas conversaciones, diversi\u00f3n, relax y ambiente art\u00edstico.<\/p>\n<p><strong>Joana Llabr\u00e9s<\/strong><br \/>\n<em>Historiadora del arte\/Cantante l\u00edrica<\/em><\/p>\n","protected":false},"excerpt":{"rendered":"<p>En este libro de retratos de Pere Colom no s\u00f3lo hallamos la mirada art\u00edstica, encontramos tambi\u00e9n el homenaje, la mirada de quien ha compartido con ellos un tiempo sin lugar en el tiempo, una mirada de amor y complicidad, una [&hellip;]<\/p>\n","protected":false},"featured_media":20279,"template":"","meta":[],"product_brand":[],"product_cat":[214],"product_tag":[],"class_list":{"0":"post-20224","1":"product","2":"type-product","3":"status-publish","4":"has-post-thumbnail","6":"product_cat-libros","8":"first","9":"instock","10":"shipping-taxable","11":"purchasable","12":"product-type-simple"},"aioseo_notices":[],"_links":{"self":[{"href":"https:\/\/perecolom.art\/es\/wp-json\/wp\/v2\/product\/20224","targetHints":{"allow":["GET"]}}],"collection":[{"href":"https:\/\/perecolom.art\/es\/wp-json\/wp\/v2\/product"}],"about":[{"href":"https:\/\/perecolom.art\/es\/wp-json\/wp\/v2\/types\/product"}],"wp:featuredmedia":[{"embeddable":true,"href":"https:\/\/perecolom.art\/es\/wp-json\/wp\/v2\/media\/20279"}],"wp:attachment":[{"href":"https:\/\/perecolom.art\/es\/wp-json\/wp\/v2\/media?parent=20224"}],"wp:term":[{"taxonomy":"product_brand","embeddable":true,"href":"https:\/\/perecolom.art\/es\/wp-json\/wp\/v2\/product_brand?post=20224"},{"taxonomy":"product_cat","embeddable":true,"href":"https:\/\/perecolom.art\/es\/wp-json\/wp\/v2\/product_cat?post=20224"},{"taxonomy":"product_tag","embeddable":true,"href":"https:\/\/perecolom.art\/es\/wp-json\/wp\/v2\/product_tag?post=20224"}],"curies":[{"name":"wp","href":"https:\/\/api.w.org\/{rel}","templated":true}]}}